{"id":31,"date":"2021-10-17T20:27:17","date_gmt":"2021-10-17T20:27:17","guid":{"rendered":"https:\/\/www.sanservices.es\/?page_id=31"},"modified":"2021-11-07T20:06:22","modified_gmt":"2021-11-07T20:06:22","slug":"quienes-somos","status":"publish","type":"page","link":"https:\/\/www.sanservices.es\/?page_id=31","title":{"rendered":"QUIENES SOMOS"},"content":{"rendered":"\n<p>Aunque se trata de situaciones excepcionales, lo cierto es que con cierta frecuencia los trabajadores de la rama de la salud mental, entre los que se incluyen auxiliares de enfermer\u00eda, enfermeros, celadores y m\u00e9dicos tienen que interactuar con ciertos pacientes inestables. Pacientes cuyas&nbsp; actitudes violentas hacen que se vea amenazada su seguridad personal. Esta es la raz\u00f3n por la que los trabajadores de la rama de la sanidad reciben el auxilio de SAN SERVICES como primera l\u00ednea de contenci\u00f3n y autodefensa. Nuestros Operadores realizan esta funci\u00f3n de manera profesional y proporcional, velando al mismo tiempo por la integridad f\u00edsica del paciente inestable.<\/p>\n\n\n\n<p>Durante el a\u00f1o pasado se sobrepasaron&nbsp; los 500 casos de trabajadores sanitarios que sufrieron alg\u00fan tipo de agresi\u00f3n en su puesto de trabajo. Frenar el impulso violento de estos pacientes de manera funcional con el fin de que cese cuanto antes la violencia en el Centro, requiere de una especial destreza y sensibilidad t\u00e9cnica que solo un profesional cualificado puede ofrecer.<\/p>\n\n\n\n<p class=\"has-text-align-left\">Somos una empresa de servicios de Auxiliares de Contenci\u00f3n (Operadores) y Formaci\u00f3n en Autodefensa, para el personal sanitario que trabaja en el \u00e1rea psiqui\u00e1trica&nbsp; y\/o en otras unidades con riesgo de agresi\u00f3n.<\/p>\n\n\n\n<p class=\"has-text-align-left has-medium-font-size\"><strong>\u00bfQu\u00e9 nos hace \u00fanicos?<\/strong><\/p>\n\n\n\n<p>Metodolog\u00eda: somos PR\u00c1CTICOS, no creemos en la formaci\u00f3n a distancia On-line, ni en&nbsp; los&nbsp; cursos cuyos contenidos se desarrollan durante horas en sesiones te\u00f3ricas. Nuestros recursos est\u00e1n avalados por m\u00e1s de 30 a\u00f1os de experiencia estrat\u00e9gica en pedag\u00f3gico t\u00e9cnico t\u00e1ctica.&nbsp;NO DELEGAMOS, somos responsables directos de la formaci\u00f3n supervisando las necesidades del cliente. La relaci\u00f3n del usuario\/alumno con el Formador es f\u00edsica, humana, \u00e1gil y evaluativa, lo que la convierte en realista y efectiva.&nbsp;Tanto en Primera intervenci\u00f3n (Sumisi\u00f3n y Conducci\u00f3n obligada), como en la aplicaci\u00f3n del dispositivo (DCM) SAN SERVICE SISTEM, garantiza la seguridad del profesional observando los derechos del paciente y preservando la integridad f\u00edsica de ambos.<\/p>\n\n\n\n<p><\/p>\n\n\n\n<blockquote class=\"wp-block-quote is-style-default\"><p>\u201cLas personas fuertes no tumban a las otras, las ayudan a levantarse.\u201d<\/p><cite><strong>Michael P. Watson<\/strong><\/cite><\/blockquote>\n\n\n\n<p><\/p>\n\n\n\n<figure class=\"wp-block-image size-full is-resized\"><img loading=\"lazy\" src=\"https:\/\/www.sanservices.es\/wp-content\/uploads\/2021\/10\/Operador-en-trio.jpg\" alt=\"\" class=\"wp-image-22\" width=\"384\" height=\"255\" srcset=\"https:\/\/www.sanservices.es\/wp-content\/uploads\/2021\/10\/Operador-en-trio.jpg 599w, https:\/\/www.sanservices.es\/wp-content\/uploads\/2021\/10\/Operador-en-trio-300x199.jpg 300w\" sizes=\"(max-width: 384px) 100vw, 384px\" \/><\/figure>\n\n\n\n<p><\/p>\n","protected":false},"excerpt":{"rendered":"<p>Aunque se trata de situaciones excepcionales, lo cierto es que con cierta frecuencia los trabajadores de la rama de la salud mental, entre los que &hellip; <\/p>\n","protected":false},"author":1,"featured_media":0,"parent":0,"menu_order":0,"comment_status":"closed","ping_status":"closed","template":"","meta":[],"_links":{"self":[{"href":"https:\/\/www.sanservices.es\/index.php?rest_route=\/wp\/v2\/pages\/31"}],"collection":[{"href":"https:\/\/www.sanservices.es\/index.php?rest_route=\/wp\/v2\/pages"}],"about":[{"href":"https:\/\/www.sanservices.es\/index.php?rest_route=\/wp\/v2\/types\/page"}],"author":[{"embeddable":true,"href":"https:\/\/www.sanservices.es\/index.php?rest_route=\/wp\/v2\/users\/1"}],"replies":[{"embeddable":true,"href":"https:\/\/www.sanservices.es\/index.php?rest_route=%2Fwp%2Fv2%2Fcomments&post=31"}],"version-history":[{"count":7,"href":"https:\/\/www.sanservices.es\/index.php?rest_route=\/wp\/v2\/pages\/31\/revisions"}],"predecessor-version":[{"id":191,"href":"https:\/\/www.sanservices.es\/index.php?rest_route=\/wp\/v2\/pages\/31\/revisions\/191"}],"wp:attachment":[{"href":"https:\/\/www.sanservices.es\/index.php?rest_route=%2Fwp%2Fv2%2Fmedia&parent=31"}],"curies":[{"name":"wp","href":"https:\/\/api.w.org\/{rel}","templated":true}]}}