{"id":115,"date":"2021-10-30T17:28:10","date_gmt":"2021-10-30T17:28:10","guid":{"rendered":"https:\/\/www.sanservices.es\/?page_id=115"},"modified":"2021-10-30T17:28:10","modified_gmt":"2021-10-30T17:28:10","slug":"trayectoria-2","status":"publish","type":"page","link":"https:\/\/www.sanservices.es\/?page_id=115","title":{"rendered":"TRAYECTORIA"},"content":{"rendered":"\n<p>AUXILIARES (Operadores)<\/p>\n\n\n\n<p> -Hermanas Hospitalarias (Cl\u00ednica Padre Menni), Pamplona, NAVARRA. <\/p>\n\n\n\n<p>-Hermanas Hospitalarias (Cl\u00ednica Benito Menni), Elizondo, NAVARRA.<\/p>\n\n\n\n<p> FORMACI\u00d3N &#8211;<\/p>\n\n\n\n<p>Adacen, Navarra<\/p>\n\n\n\n<p> Mutilva Alta, Navarra<\/p>\n","protected":false},"excerpt":{"rendered":"<p>AUXILIARES (Operadores) -Hermanas Hospitalarias (Cl\u00ednica Padre Menni), Pamplona, NAVARRA. -Hermanas Hospitalarias (Cl\u00ednica Benito Menni), Elizondo, NAVARRA. FORMACI\u00d3N &#8211; Adacen, Navarra Mutilva Alta, Navarra<\/p>\n","protected":false},"author":1,"featured_media":0,"parent":0,"menu_order":0,"comment_status":"closed","ping_status":"closed","template":"","meta":[],"_links":{"self":[{"href":"https:\/\/www.sanservices.es\/index.php?rest_route=\/wp\/v2\/pages\/115"}],"collection":[{"href":"https:\/\/www.sanservices.es\/index.php?rest_route=\/wp\/v2\/pages"}],"about":[{"href":"https:\/\/www.sanservices.es\/index.php?rest_route=\/wp\/v2\/types\/page"}],"author":[{"embeddable":true,"href":"https:\/\/www.sanservices.es\/index.php?rest_route=\/wp\/v2\/users\/1"}],"replies":[{"embeddable":true,"href":"https:\/\/www.sanservices.es\/index.php?rest_route=%2Fwp%2Fv2%2Fcomments&post=115"}],"version-history":[{"count":1,"href":"https:\/\/www.sanservices.es\/index.php?rest_route=\/wp\/v2\/pages\/115\/revisions"}],"predecessor-version":[{"id":117,"href":"https:\/\/www.sanservices.es\/index.php?rest_route=\/wp\/v2\/pages\/115\/revisions\/117"}],"wp:attachment":[{"href":"https:\/\/www.sanservices.es\/index.php?rest_route=%2Fwp%2Fv2%2Fmedia&parent=115"}],"curies":[{"name":"wp","href":"https:\/\/api.w.org\/{rel}","templated":true}]}}