{"id":100,"date":"2021-10-30T17:01:21","date_gmt":"2021-10-30T17:01:21","guid":{"rendered":"https:\/\/www.sanservices.es\/?page_id=100"},"modified":"2021-11-16T10:33:57","modified_gmt":"2021-11-16T10:33:57","slug":"contacto","status":"publish","type":"page","link":"https:\/\/www.sanservices.es\/?page_id=100","title":{"rendered":"CONTACTO"},"content":{"rendered":"\n<p>Avda. Reino de Navarra 24,<\/p>\n\n\n\n<p>Sarriguren (NAVARRA)<\/p>\n\n\n\n<p>Centro de formaci\u00f3n&nbsp; GYM 13 en<\/p>\n\n\n\n<p>Avda. Belascoain 13, Zizur Mayor (NAVARRA)<\/p>\n\n\n\n<p>Pedro Garc\u00eda Ruiz:+34 666291272<\/p>\n\n\n\n<p>Jos\u00e9 Manuel Solana Bellver: +34 677576328<\/p>\n\n\n\n<p>Correo electr\u00f3nico: <\/p>\n\n\n\n<p id=\"<p&gt;info@sanservices.es<\/p&gt;\">info@sanservices.es<\/p>\n","protected":false},"excerpt":{"rendered":"<p>Avda. Reino de Navarra 24, Sarriguren (NAVARRA) Centro de formaci\u00f3n&nbsp; GYM 13 en Avda. Belascoain 13, Zizur Mayor (NAVARRA) Pedro Garc\u00eda Ruiz:+34 666291272 Jos\u00e9 Manuel &hellip; <\/p>\n","protected":false},"author":1,"featured_media":0,"parent":0,"menu_order":0,"comment_status":"closed","ping_status":"closed","template":"","meta":[],"_links":{"self":[{"href":"https:\/\/www.sanservices.es\/index.php?rest_route=\/wp\/v2\/pages\/100"}],"collection":[{"href":"https:\/\/www.sanservices.es\/index.php?rest_route=\/wp\/v2\/pages"}],"about":[{"href":"https:\/\/www.sanservices.es\/index.php?rest_route=\/wp\/v2\/types\/page"}],"author":[{"embeddable":true,"href":"https:\/\/www.sanservices.es\/index.php?rest_route=\/wp\/v2\/users\/1"}],"replies":[{"embeddable":true,"href":"https:\/\/www.sanservices.es\/index.php?rest_route=%2Fwp%2Fv2%2Fcomments&post=100"}],"version-history":[{"count":4,"href":"https:\/\/www.sanservices.es\/index.php?rest_route=\/wp\/v2\/pages\/100\/revisions"}],"predecessor-version":[{"id":254,"href":"https:\/\/www.sanservices.es\/index.php?rest_route=\/wp\/v2\/pages\/100\/revisions\/254"}],"wp:attachment":[{"href":"https:\/\/www.sanservices.es\/index.php?rest_route=%2Fwp%2Fv2%2Fmedia&parent=100"}],"curies":[{"name":"wp","href":"https:\/\/api.w.org\/{rel}","templated":true}]}}